{"id":7456,"date":"2021-04-28T16:08:41","date_gmt":"2021-04-28T13:08:41","guid":{"rendered":"https:\/\/visitranua.fi\/tyopajat\/"},"modified":"2021-04-28T16:08:41","modified_gmt":"2021-04-28T13:08:41","slug":"tyopajat","status":"publish","type":"page","link":"https:\/\/visitranua.fi\/en\/tyopajat\/","title":{"rendered":"Ty\u00f6pajat"},"content":{"rendered":"<ul>\n<li>5.5.2021 klo 16:30 \/ Teams<br \/>\nDigitaalinen markkinointi I<br \/>\n\u2013 Digitaalinen markkinointi, k\u00e4sitteet<br \/>\n\u2013 Digitaalisten kanavien k\u00e4ytt\u00f6 ja edut<br \/>\n\u2013 Verkkoanalytiikan ja mittaamisen rooli markkinoinnissa<br \/>\n\u2013 Digimarkkinointistrategia<\/li>\n<\/ul>\n<p>&nbsp;<\/p>\n<ul>\n<li>12.5.2021 klo 16:30 \/ Teams<br \/>\nDigitaalinen markkinointi II<br \/>\n\u2013 Kotisivut, hakukone ja sosiaalinen media<br \/>\n\u2013 Verkkosivujen rooli modernissa markkinoinnissa<br \/>\n\u2013 Hakukone: Hakusanamainonta ja hakukoneoptimointi<br \/>\n\u2013 Sosiaalinen media: Sis\u00e4ll\u00f6ntuotanto ja mainonta eri kanavissa<\/li>\n<\/ul>\n<p>&nbsp;<\/p>\n<ul>\n<li>19.5.2021 klo 16:30 \/ Teams<br \/>\nDigitaalinen markkinointi III<br \/>\n\u2013 Markkinoinnin vuosikello ja sis\u00e4lt\u00f6kalenteri<br \/>\n\u2013 Sis\u00e4lt\u00f6kalenterin ja vuosikellon luominen ja k\u00e4ytt\u00f6 arjessa<br \/>\n\u2013 Vinkit sis\u00e4lt\u00f6ideoiden keksimiseen sis\u00e4lt\u00f6kalenteriin ja vuosikelloon<br \/>\n\u2013 Sis\u00e4lt\u00f6jen ajastaminen Creator-studion avulla Facebookiin ja Instagramiin<br \/>\n\u2013 Vinkit sis\u00e4lt\u00f6jen luomiseen eri kanavissa<\/li>\n<\/ul>\n<p>&nbsp;<\/p>\n<ul>\n<li>8.6.2021 klo 16:30 \/ Teams<br \/>\nTuotteistaminen I<br \/>\n\u2013 Mit\u00e4 tuotteistaminen on?<br \/>\n\u2013 Kannattaako palvelut tuotteistaa?<br \/>\n\u2013 Tuotteistamisen prinsiipit ja 10 k\u00e4sky\u00e4<br \/>\n\u2013 Turvallisuussuunnitelman laatiminen<\/li>\n<\/ul>\n<p>&nbsp;<\/p>\n<ul>\n<li>15.6.2021 klo 16:30 \/ Teams<br \/>\nTuotteistaminen II<br \/>\n\u2013 Asiakkaan empatisointi<br \/>\n\u2013 Konseptointi<br \/>\n\u2013 Tuotekorttien laatiminen<\/li>\n<\/ul>\n<p>&nbsp;<\/p>\n<ul>\n<li>3.8.2021 klo 16:30 \/ Teams<br \/>\nYhteisty\u00f6 I<br \/>\n\u2013 LTA-analyysi<br \/>\n\u2013 Analyysin tulokset<\/li>\n<\/ul>\n<ul>\n<li>10.8.2021 klo 16:30 \/ Teams<br \/>\nYhteisty\u00f6 II<br \/>\n\u2013Riskienhallinta<br \/>\n\u2013 Sopimukset<br \/>\n\u2013 Et\u00e4myynti, tilaajavastuulaki, matkapakettilaki<\/li>\n<\/ul>\n<p>Ty\u00f6pajojen kesto n. 3,5 tuntia\/ ty\u00f6paja.<\/p>\n<p>Kaikista ty\u00f6pajakoulutuksista tehd\u00e4\u00e4n tallenne, joka on katsottavissa j\u00e4lkik\u00e4teen.<br \/>\n<img loading=\"lazy\" decoding=\"async\" class=\"wp-image-2769 alignleft\" src=\"https:\/\/visitranua.fi\/wp-content\/uploads\/2021\/04\/lapinliitto_rgb_vaaka_vari-300x103.png\" alt=\"\" width=\"267\" height=\"92\" \/><img loading=\"lazy\" decoding=\"async\" class=\"wp-image-2721 alignright\" src=\"https:\/\/visitranua.fi\/wp-content\/uploads\/2021\/04\/EU_EAKR_FI_vertical_20mm_rgb-290x300.png\" alt=\"\" width=\"189\" height=\"196\" \/><img loading=\"lazy\" decoding=\"async\" class=\"wp-image-2718 alignnone\" src=\"https:\/\/visitranua.fi\/wp-content\/uploads\/2021\/04\/VipuvoimaaEU_2014_2020_rgb-300x212.png\" alt=\"\" width=\"164\" height=\"116\" \/><\/p>\n<p>&nbsp;<\/p>\n","protected":false},"excerpt":{"rendered":"<p>5.5.2021 klo 16:30 \/ Teams Digitaalinen markkinointi I \u2013 Digitaalinen markkinointi, k\u00e4sitteet \u2013 Digitaalisten kanavien k\u00e4ytt\u00f6 ja edut \u2013 Verkkoanalytiikan ja mittaamisen rooli markkinoinnissa \u2013 Digimarkkinointistrategia &nbsp; 12.5.2021 klo 16:30 \/ Teams Digitaalinen markkinointi II \u2013 Kotisivut, hakukone ja sosiaalinen media \u2013 Verkkosivujen rooli modernissa markkinoinnissa \u2013 Hakukone: Hakusanamainonta ja hakukoneoptimointi \u2013 Sosiaalinen media: Sis\u00e4ll\u00f6ntuotanto &#8230; <a title=\"Ty\u00f6pajat\" class=\"read-more\" href=\"https:\/\/visitranua.fi\/en\/tyopajat\/\" aria-label=\"Read more about Ty\u00f6pajat\">Read more<\/a><\/p>\n","protected":false},"author":2,"featured_media":0,"parent":0,"menu_order":0,"comment_status":"closed","ping_status":"closed","template":"","meta":{"_acf_changed":false,"footnotes":""},"class_list":["post-7456","page","type-page","status-publish"],"acf":[],"_links":{"self":[{"href":"https:\/\/visitranua.fi\/en\/wp-json\/wp\/v2\/pages\/7456","targetHints":{"allow":["GET"]}}],"collection":[{"href":"https:\/\/visitranua.fi\/en\/wp-json\/wp\/v2\/pages"}],"about":[{"href":"https:\/\/visitranua.fi\/en\/wp-json\/wp\/v2\/types\/page"}],"author":[{"embeddable":true,"href":"https:\/\/visitranua.fi\/en\/wp-json\/wp\/v2\/users\/2"}],"replies":[{"embeddable":true,"href":"https:\/\/visitranua.fi\/en\/wp-json\/wp\/v2\/comments?post=7456"}],"version-history":[{"count":0,"href":"https:\/\/visitranua.fi\/en\/wp-json\/wp\/v2\/pages\/7456\/revisions"}],"wp:attachment":[{"href":"https:\/\/visitranua.fi\/en\/wp-json\/wp\/v2\/media?parent=7456"}],"curies":[{"name":"wp","href":"https:\/\/api.w.org\/{rel}","templated":true}]}}