{"id":7460,"date":"2019-01-23T16:17:54","date_gmt":"2019-01-23T14:17:54","guid":{"rendered":"https:\/\/visitranua.fi\/lumen-olomuodot\/"},"modified":"2019-01-23T16:17:54","modified_gmt":"2019-01-23T14:17:54","slug":"lumen-olomuodot","status":"publish","type":"page","link":"https:\/\/visitranua.fi\/en\/lumen-olomuodot\/","title":{"rendered":"Nuoska, puuteri, hanki&#8230;Lumen eri olomuodot"},"content":{"rendered":"<h1>Rakkaalla lapsella on monta nime\u00e4<\/h1>\n<p>Suomen kieless\u00e4 on monta erilaista lunta tarkoittavaa sanaa. L\u00e4mp\u00f6tilasta ja tuulenvireest\u00e4 riippuen, lumi voi olla esimerkiksi&nbsp;<strong>nuoskaa<\/strong>, <strong>h\u00f6tt\u00f6\u00e4<\/strong>, <strong>kuuraa<\/strong> tai <strong>ajolunta<\/strong>.<\/p>\n<p>Nimitysten kokonaism\u00e4\u00e4r\u00e4\u00e4 on vaikea sanoa tarkalleen, sill\u00e4 eri murteissa sanoja on viel\u00e4 yleisesti tiedettyj\u00e4 enemm\u00e4n. Lumi muodostuu pilviss\u00e4 j\u00e4\u00e4kiteist\u00e4, ja niiden muoto vaihtelee. Kuiva ilma tuottaa yksinkertaisia kiteit\u00e4 ja kostea ilma taas voi saada aikaan monihaaraisia t\u00e4htikuvioita. Kun kide on kasvanut pilvess\u00e4 tarpeeksi painavaksi, se leijailee maahan. Toisinaan yhteenliittyneet kiteet voivat muodostaa isoja lumihiutaleita, silloin voi kuulla sanottavan, ett\u00e4 sataa <strong>lopakoita<\/strong>.&nbsp;Lumisadetta voi kuvata my\u00f6s muun muassa <strong>tuiskuna<\/strong>, <strong>pyryn\u00e4<\/strong> tai <strong>r\u00e4nt\u00e4sateena<\/strong>.<\/p>\n<p>Kun puhutaan <strong>hangesta<\/strong>, tulee monelle tarve viimeist\u00e4\u00e4n silloin kaivaa sukset varastosta ja suunnata kantavalle kannelle. Kun hanki on oikein kantava, et v\u00e4ltt\u00e4m\u00e4tt\u00e4 tarvitse edes lumikenki\u00e4 tai suksia liikkumiseen.&nbsp;<strong>Viti<\/strong> on puhtaan valkoista ja se narskuu mukavasti jalan alla. Toisinaan, kun lunta on paljon ja se on oikein pehme\u00e4\u00e4, on pelkk\u00e4 k\u00e4velykin mainiota kuntoilua.&nbsp;<strong>Nuoskalla<\/strong> luovuus her\u00e4\u00e4, kun lumesta voi tehd\u00e4 lumiukkoja, -linnoja ja -hevosia.&nbsp;<strong>Pakkaslumi&nbsp;<\/strong>puolestaan kimaltelee kuin maa olisi peitetty miljardeilla pienill\u00e4 timanteilla. Heijastava hanki kuun ja t\u00e4htien loisteessa on mainio kuvauskohde, joka tuo taitavallekin kuvaajalle sopivaa haastetta.<\/p>\n<p>Lumen eri olomuodot kuuluvat talveen, ja jokainen niist\u00e4 tuo omat mahdollisuutensa ja erikoisuutensa. Kannattaa kysy\u00e4 lumeen liittyvi\u00e4 tarinoita my\u00f6s kansanperinteit\u00e4 tuntevilta henkil\u00f6ilt\u00e4.<\/p>\n<p><img loading=\"lazy\" decoding=\"async\" class=\"alignnone size-medium wp-image-2136\" src=\"https:\/\/visitranua.fi\/wp-content\/uploads\/2019\/01\/lumiukko-200x300.jpg\" alt=\"\" width=\"200\" height=\"300\"><\/p>\n<p>&nbsp;<\/p>\n","protected":false},"excerpt":{"rendered":"<p>Rakkaalla lapsella on monta nime\u00e4 Suomen kieless\u00e4 on monta erilaista lunta tarkoittavaa sanaa. L\u00e4mp\u00f6tilasta ja tuulenvireest\u00e4 riippuen, lumi voi olla esimerkiksi&nbsp;nuoskaa, h\u00f6tt\u00f6\u00e4, kuuraa tai ajolunta. Nimitysten kokonaism\u00e4\u00e4r\u00e4\u00e4 on vaikea sanoa tarkalleen, sill\u00e4 eri murteissa sanoja on viel\u00e4 yleisesti tiedettyj\u00e4 enemm\u00e4n. Lumi muodostuu pilviss\u00e4 j\u00e4\u00e4kiteist\u00e4, ja niiden muoto vaihtelee. Kuiva ilma tuottaa yksinkertaisia kiteit\u00e4 ja kostea &#8230; <a title=\"Nuoska, puuteri, hanki&#8230;Lumen eri olomuodot\" class=\"read-more\" href=\"https:\/\/visitranua.fi\/en\/lumen-olomuodot\/\" aria-label=\"Read more about Nuoska, puuteri, hanki&#8230;Lumen eri olomuodot\">Read more<\/a><\/p>\n","protected":false},"author":2,"featured_media":0,"parent":0,"menu_order":0,"comment_status":"closed","ping_status":"closed","template":"","meta":{"_acf_changed":false,"footnotes":""},"class_list":["post-7460","page","type-page","status-publish"],"acf":[],"_links":{"self":[{"href":"https:\/\/visitranua.fi\/en\/wp-json\/wp\/v2\/pages\/7460","targetHints":{"allow":["GET"]}}],"collection":[{"href":"https:\/\/visitranua.fi\/en\/wp-json\/wp\/v2\/pages"}],"about":[{"href":"https:\/\/visitranua.fi\/en\/wp-json\/wp\/v2\/types\/page"}],"author":[{"embeddable":true,"href":"https:\/\/visitranua.fi\/en\/wp-json\/wp\/v2\/users\/2"}],"replies":[{"embeddable":true,"href":"https:\/\/visitranua.fi\/en\/wp-json\/wp\/v2\/comments?post=7460"}],"version-history":[{"count":0,"href":"https:\/\/visitranua.fi\/en\/wp-json\/wp\/v2\/pages\/7460\/revisions"}],"wp:attachment":[{"href":"https:\/\/visitranua.fi\/en\/wp-json\/wp\/v2\/media?parent=7460"}],"curies":[{"name":"wp","href":"https:\/\/api.w.org\/{rel}","templated":true}]}}