{"id":7470,"date":"2018-08-15T14:45:07","date_gmt":"2018-08-15T14:45:07","guid":{"rendered":"https:\/\/visitranua.fi\/ranuan-kylat\/"},"modified":"2022-11-18T13:34:01","modified_gmt":"2022-11-18T13:34:01","slug":"ranuan-kylat","status":"publish","type":"page","link":"https:\/\/visitranua.fi\/en\/ranuan-kylat\/","title":{"rendered":"Ranuan kyl\u00e4t"},"content":{"rendered":"<p>Toivotamme sinut tervetulleeksi kyl\u00e4\u00e4n! Ranuan kyl\u00e4t tarjoavat kyl\u00e4matkailukohteita \u2013 RanuaVillages tuotemerkist\u00e4 tunnistat palveluun sitoutuneen yritt\u00e4j\u00e4n. Kyl\u00e4matkailun my\u00f6t\u00e4 p\u00e4\u00e4set tutustumaan kylien elinvoimaisuuteen, tapoihin tehd\u00e4 t\u00f6it\u00e4, kalastaa, marjastaa ja el\u00e4\u00e4 puhtaalla maaseudulla.<img loading=\"lazy\" decoding=\"async\" class=\"alignnone wp-image-599 size-large\" src=\"https:\/\/visitranua.fi\/wp-content\/uploads\/2018\/09\/Kyla\u0308kartta-1024x969.jpg\" alt=\"Ranuan kyl\u00e4matkailu RanuaVillages -kartta\" width=\"1024\" height=\"969\" \/><\/p>\n<p><img loading=\"lazy\" decoding=\"async\" class=\"alignnone size-medium wp-image-603\" src=\"https:\/\/visitranua.fi\/wp-content\/uploads\/2018\/09\/ASMUNTI-300x186.jpg\" alt=\"Asmunti ilmakuva\" width=\"300\" height=\"186\" \/><\/p>\n<h3>Asmunti<\/h3>\n<p>Asmunti on kyl\u00e4 Ranuan kunnan etel\u00e4osassa l\u00e4hell\u00e4 Pudasj\u00e4rven rajaa. Kyl\u00e4yhteis\u00f6 on levitt\u00e4ytynyt molempien kuntien alueelle. Kyl\u00e4ss\u00e4 on satakunta asukasta. Jouluaikaan kyl\u00e4n kohdalla kannattaa hidastaa \u2013 tienvarren suuret kuuset saavat ylleen n\u00e4ytt\u00e4v\u00e4t valot. Hiiht\u00e4m\u00e4\u00e4n p\u00e4\u00e4see valaistulla ladulla. Hillakaudella pys\u00e4htym\u00e4\u00e4n kutsuvat puolestaan Asmuntin hillasuot.<\/p>\n<p><img loading=\"lazy\" decoding=\"async\" class=\"alignnone size-medium wp-image-607\" src=\"https:\/\/visitranua.fi\/wp-content\/uploads\/2018\/09\/kyla-HOSIO-300x179.jpg\" alt=\"Hosio Ranua ilmakuva\" width=\"300\" height=\"179\" \/><\/p>\n<h3>Hosio<\/h3>\n<p>Hosio on yksi Simojokivarren kylist\u00e4 Ranuan kirkonkyl\u00e4lt\u00e4 Simon suuntaan. Alueelta l\u00f6ytyy helppokulkuisia suoalueita ja seikkailunhaluisille Hosionkoski tarjoaa, vedenkorkeuden ollessa riitt\u00e4v\u00e4, rentoa laskettavaa \u2013 kanootin tai kajakin voi vuokrata l\u00e4hialueelta.<\/p>\n<p><img loading=\"lazy\" decoding=\"async\" class=\"alignnone wp-image-611 size-medium\" src=\"https:\/\/visitranua.fi\/wp-content\/uploads\/2018\/09\/kylat-impio-300x169.jpg\" alt=\"Impi\u00f6 Ranua ilmakuva\" width=\"300\" height=\"169\" \/><\/p>\n<h3>Impi\u00f6<\/h3>\n<p>Impi\u00f6n kyl\u00e4ll\u00e4, noin 38 kilometrin p\u00e4\u00e4ss\u00e4 Ranuan kirkonkyl\u00e4lt\u00e4 it\u00e4\u00e4n, p\u00e4\u00e4see seuraamaan j\u00e4rvimaiseman vaihtelua auringonnoususta auringonlaskuun. Matkailijat p\u00e4\u00e4sev\u00e4t kokemaan j\u00e4rvenselkien n\u00e4kym\u00e4t jokaisessa ilmansuunnassa veneillen ja kalastaen. Alueen j\u00e4rvet ovat tunnettuja kalaisuudestaan. Paikallisen marjastusoppaan avulla p\u00e4\u00e4see tutustumaan my\u00f6s metsien apajiin. Impi\u00f6n kyl\u00e4ll\u00e4 on tarjolla majoitusta. Impi\u00f6l\u00e4iset saavat elantonsa mm. perinteisist\u00e4 maa-, mets\u00e4- ja porotaloudesta. Impi\u00f6st\u00e4 p\u00e4\u00e4see Simoj\u00e4rvi-Soppanan retkeilypoluille, ja talvisin kyl\u00e4ll\u00e4 on valaistu latu sek\u00e4 latu-ura Simoj\u00e4rvelle.<\/p>\n<h3>Kelankyl\u00e4<\/h3>\n<p>Kelankyl\u00e4 sijaitsee l\u00e4hell\u00e4 Ranuan ja Pudasj\u00e4rven kunnanrajaa, noin 35 kilometrin p\u00e4\u00e4ss\u00e4 Ranuan kirkonkyl\u00e4lt\u00e4 kaakkoon. Kelankyl\u00e4ss\u00e4 asuu noin 70 ihmist\u00e4. Kelankyl\u00e4n l\u00e4pi virtaa kaksi jokea: Kelajoki ja melojien suosima Siuruanjoki. T\u00e4\u00e4lt\u00e4 l\u00f6ytyykin omatoimiselle matkailijalle laavu tulipaikkoineen.<img loading=\"lazy\" decoding=\"async\" class=\"alignnone size-medium wp-image-620\" src=\"https:\/\/visitranua.fi\/wp-content\/uploads\/2018\/09\/kylat-keskusta-300x185.jpg\" alt=\"Ranua kirkonkyl\u00e4 keskusta ilmakuva\" width=\"300\" height=\"185\" \/><\/p>\n<h3>Ranuan kirkonkyl\u00e4<\/h3>\n<p>Ranuan kirkonkyl\u00e4 on Ranuan kunnan keskustaajama. Kirkonkyl\u00e4 on muodostunut Ranuanj\u00e4rven etel\u00e4- ja l\u00e4nsirannoille. Kirkonkyl\u00e4ll\u00e4 sijaitsevat julkiset ja kaupalliset palvelut. Kirkonkyl\u00e4ll\u00e4 kokoonnutaan muun muassa Hillamarkkinoille sek\u00e4 muihin Hillatorin tapahtumiin. Toiminnann\u00e4lk\u00e4isille alueelta l\u00f6ytyy retkipalveluja ja touhuamista el\u00e4inten parissa.<\/p>\n<p><img loading=\"lazy\" decoding=\"async\" class=\"alignnone size-medium wp-image-638\" src=\"https:\/\/visitranua.fi\/wp-content\/uploads\/2018\/09\/kylat-simojarvi-300x169.jpg\" alt=\"Simoj\u00e4rvi Ranua Kortteenper\u00e4, S\u00e4\u00e4skilahti ja Olanko\" width=\"300\" height=\"169\" \/><\/p>\n<h3>Kortteenper\u00e4, S\u00e4\u00e4skilahti ja Olanko Simoj\u00e4rvell\u00e4<\/h3>\n<p>Kortteenper\u00e4n, S\u00e4\u00e4skilahden ja Olangon alueen historiasta kertovat paikkojen nimet ja osittain s\u00e4ilyneet rakennelmat houkuttelevat kuvittelemaan entisaikojen asukkaiden el\u00e4m\u00e4\u00e4. Lohijokena tunnettu Simojoki virtaa Kortteenper\u00e4n l\u00e4pi. T\u00e4ll\u00e4 alueella l\u00f6ytyy vuokram\u00f6kkej\u00e4 my\u00f6s isommille ryhmille sek\u00e4 muun muassa ratsutila. Simoj\u00e4rven rannalla sijaitsee my\u00f6s sodassa s\u00e4\u00e4stynyt majatalo, joka on viel\u00e4 alkuper\u00e4isess\u00e4 toiminnassaan. Kortteenper\u00e4n alueella on hillasoita ja mustikoilla herkuttelijoille l\u00f6ytyy my\u00f6s hyvi\u00e4 mustikkametsi\u00e4.<\/p>\n<p><img loading=\"lazy\" decoding=\"async\" class=\"alignnone size-medium wp-image-655\" src=\"https:\/\/visitranua.fi\/wp-content\/uploads\/2018\/09\/Kuha-Ilkan-300x225.jpg\" alt=\"Kuha Ranua ilmakuva\" width=\"300\" height=\"225\" \/><\/p>\n<h3>Kuha<\/h3>\n<p>Kuhan kyl\u00e4 on muodostunut Kuhaj\u00e4rven ja Kuhan Takaj\u00e4rven v\u00e4liselle kannakselle noin kymmenen kilometri\u00e4 Ranuan kirkonkyl\u00e4lt\u00e4 it\u00e4\u00e4n. Ranuan asutus on l\u00e4ht\u00f6isin Kuhasta ja siell\u00e4 sijaitseekin Ranuan vanhin olemassa oleva talo. Nykyisin Kuhassa on noin 200 asukasta. Kyl\u00e4el\u00e4m\u00e4\u00e4n ja maalaismaisemaan p\u00e4\u00e4see tutustumaan esimerkiksi hevosen sel\u00e4st\u00e4.<\/p>\n<p><img loading=\"lazy\" decoding=\"async\" class=\"alignnone size-medium wp-image-661\" src=\"https:\/\/visitranua.fi\/wp-content\/uploads\/2018\/09\/kylat-kuukasjarvi-300x168.jpg\" alt=\"Kuukasj\u00e4rvi Ranua ilmakuva\" width=\"300\" height=\"168\" \/><\/p>\n<h3>Kuukasj\u00e4rvi<\/h3>\n<p>Kuukasj\u00e4rven n\u00e4kym\u00e4\u00e4 leimaa kulttuurihistoriallinen perinnemaisema. Se sijaitsee noin 21 kilometri\u00e4 kaakkoon Ranuan kirkonkyl\u00e4lt\u00e4 Pikku Kuukasj\u00e4rven rannalla. Kyl\u00e4ss\u00e4 on rakennuksia 1700\u20131800 -luvulta sek\u00e4 useita s\u00e4ilyneit\u00e4 per\u00e4pohjalaisia pihapiirikokonaisuuksia. Kyl\u00e4ss\u00e4 on noin 130 asukasta. Aktiiviset kyl\u00e4l\u00e4iset j\u00e4rjest\u00e4v\u00e4t muun muassa Kuukasj\u00e4rven maalaismarkkinoita kev\u00e4ttalvella.<\/p>\n<p><img loading=\"lazy\" decoding=\"async\" class=\"alignnone size-medium wp-image-665\" src=\"https:\/\/visitranua.fi\/wp-content\/uploads\/2018\/09\/kylat-petaja-300x225.jpg\" alt=\"Pet\u00e4j\u00e4j\u00e4rvi Ranua ilmakuva\" width=\"300\" height=\"225\" \/><\/p>\n<h3>Pet\u00e4j\u00e4j\u00e4rvi<\/h3>\n<p>Pet\u00e4j\u00e4j\u00e4rven kyl\u00e4 sijaitsee kunnan kaakkoisosassa. Matkaa Ranuan kirkonkyl\u00e4lle tulee noin 19 kilometri\u00e4. Pet\u00e4j\u00e4j\u00e4rvell\u00e4 on luomutila.<\/p>\n<p><img loading=\"lazy\" decoding=\"async\" class=\"alignnone size-medium wp-image-672\" src=\"https:\/\/visitranua.fi\/wp-content\/uploads\/2018\/09\/POHJASLAHTI-PIITTISJA\u0308RVI-300x193.jpg\" alt=\"Pohjaslahti Piittisj\u00e4rvi Ranua ilmakuva\" width=\"300\" height=\"193\" \/><\/p>\n<h3>Pohjaslahti-Piittisj\u00e4rvi<\/h3>\n<p>Pohjaslahti-Piittisj\u00e4rvi on kahden kyl\u00e4n muodostama kyl\u00e4yhteis\u00f6 Ranuan pohjoisosassa. Ranuan kirkonkyl\u00e4lle on matkaa noin 46 kilometri\u00e4. Alue on kumpuilevaa j\u00e4rvimaisemaa ja se onkin valittu Ranuan kauneimmaksi kyl\u00e4ksi. M\u00f6kkeilyss\u00e4 on alueella omaa luonnonl\u00e4heist\u00e4 tunnelmaansa. Pohjaslahdessa on yksi Simoj\u00e4rven virallisista veneenlaskupaikoista. Alueella kulkee talvisin my\u00f6s kelkkareitti ja kyl\u00e4lt\u00e4 l\u00f6ytyy valaistu latu.<\/p>\n<p><img loading=\"lazy\" decoding=\"async\" class=\"alignnone size-medium wp-image-677\" src=\"https:\/\/visitranua.fi\/wp-content\/uploads\/2018\/09\/PORTIMO_2-300x225.jpg\" alt=\"Portimo Ranua\" width=\"300\" height=\"225\" \/><\/p>\n<h3>Portimo<\/h3>\n<p>Portimon kyl\u00e4 sijaitsee Portimoj\u00e4rven it\u00e4rannalla noin 25 kilometrin p\u00e4\u00e4ss\u00e4 Ranuan kirkonkyl\u00e4lt\u00e4 pohjoiseen. Simojoki virtaa kyl\u00e4n l\u00e4vitse. Portimon kyl\u00e4n postiosoite on Ylisimo. Postiosoite on per\u00e4isin ajalta, jolloin kyl\u00e4 kuului nykyiseen Simon kuntaan. Portimo-nimi itsess\u00e4\u00e4n viittaa k\u00e4rpp\u00e4\u00e4n tai lumikkoon, ja muista alueen paikannimist\u00e4 voi my\u00f6s p\u00e4\u00e4tell\u00e4, ett\u00e4 alueella on ollut turkisel\u00e4imi\u00e4. Alueella k\u00e4ytiin Lapin sodan suurin viivytystaistelu, Ylimaan taistelu, saksalaisia vastaan vuonna 1944. Taistelun muistomerkki sijaitsee kantatien 78 varrella kyl\u00e4lt\u00e4 muutamia kilometrej\u00e4 pohjoiseen.<\/p>\n<p><img loading=\"lazy\" decoding=\"async\" class=\"alignnone size-medium wp-image-681\" src=\"https:\/\/visitranua.fi\/wp-content\/uploads\/2018\/09\/Kylat-saariharju-300x169.jpg\" alt=\"Saariharju Ranua ilmakuva\" width=\"300\" height=\"169\" \/><\/p>\n<h3>Saariharju<\/h3>\n<p>Saariharjun kyl\u00e4 sijaitsee kunnan it\u00e4osassa, Ranuan ja Posion v\u00e4lisen seututien varressa. Matkaa Ranuan kirkonkyl\u00e4lle kertyy noin 31 kilometri\u00e4 ja Posion keskustaan noin 56 kilometri\u00e4. Saariharjulla asukkaita on noin sata. Saariharjulla pys\u00e4htym\u00e4\u00e4n ja rentoutumaan kutsuu maalaiskyl\u00e4n leppoisa tunnelma, ja majoittumaan Saariharjulla p\u00e4\u00e4see m\u00f6kkeillen.<\/p>\n","protected":false},"excerpt":{"rendered":"<p>Toivotamme sinut tervetulleeksi kyl\u00e4\u00e4n! Ranuan kyl\u00e4t tarjoavat kyl\u00e4matkailukohteita \u2013 RanuaVillages tuotemerkist\u00e4 tunnistat palveluun sitoutuneen yritt\u00e4j\u00e4n. Kyl\u00e4matkailun my\u00f6t\u00e4 p\u00e4\u00e4set tutustumaan kylien elinvoimaisuuteen, tapoihin tehd\u00e4 t\u00f6it\u00e4, kalastaa, marjastaa ja el\u00e4\u00e4 puhtaalla maaseudulla. Asmunti Asmunti on kyl\u00e4 Ranuan kunnan etel\u00e4osassa l\u00e4hell\u00e4 Pudasj\u00e4rven rajaa. Kyl\u00e4yhteis\u00f6 on levitt\u00e4ytynyt molempien kuntien alueelle. Kyl\u00e4ss\u00e4 on satakunta asukasta. Jouluaikaan kyl\u00e4n kohdalla kannattaa hidastaa &#8230; <a title=\"Ranuan kyl\u00e4t\" class=\"read-more\" href=\"https:\/\/visitranua.fi\/en\/ranuan-kylat\/\" aria-label=\"Read more about Ranuan kyl\u00e4t\">Read more<\/a><\/p>\n","protected":false},"author":2,"featured_media":0,"parent":0,"menu_order":0,"comment_status":"closed","ping_status":"closed","template":"","meta":{"_acf_changed":false,"footnotes":""},"class_list":["post-7470","page","type-page","status-publish"],"acf":[],"_links":{"self":[{"href":"https:\/\/visitranua.fi\/en\/wp-json\/wp\/v2\/pages\/7470","targetHints":{"allow":["GET"]}}],"collection":[{"href":"https:\/\/visitranua.fi\/en\/wp-json\/wp\/v2\/pages"}],"about":[{"href":"https:\/\/visitranua.fi\/en\/wp-json\/wp\/v2\/types\/page"}],"author":[{"embeddable":true,"href":"https:\/\/visitranua.fi\/en\/wp-json\/wp\/v2\/users\/2"}],"replies":[{"embeddable":true,"href":"https:\/\/visitranua.fi\/en\/wp-json\/wp\/v2\/comments?post=7470"}],"version-history":[{"count":1,"href":"https:\/\/visitranua.fi\/en\/wp-json\/wp\/v2\/pages\/7470\/revisions"}],"predecessor-version":[{"id":8354,"href":"https:\/\/visitranua.fi\/en\/wp-json\/wp\/v2\/pages\/7470\/revisions\/8354"}],"wp:attachment":[{"href":"https:\/\/visitranua.fi\/en\/wp-json\/wp\/v2\/media?parent=7470"}],"curies":[{"name":"wp","href":"https:\/\/api.w.org\/{rel}","templated":true}]}}