{"id":7477,"date":"2018-08-10T14:51:16","date_gmt":"2018-08-10T14:51:16","guid":{"rendered":"https:\/\/visitranua.fi\/nae-ja-koe\/museot-ja-nayttelyt\/"},"modified":"2024-11-28T06:17:57","modified_gmt":"2024-11-28T06:17:57","slug":"museums_and_exhibitions","status":"publish","type":"page","link":"https:\/\/visitranua.fi\/en\/nae-ja-koe\/museums_and_exhibitions\/","title":{"rendered":"MUSEUMS AND EXHIBITIONS"},"content":{"rendered":"\n<p>You can get to know the lifestyles of the area in museums and exhibitions. If you are curious of how the everyday life has been in the area, there are regional and school museums. If you feel like having a moment of calmness while focusing on church architecture and altarpiece, invites Ranua Church you in. Permanent and changing exhibitions also present the current life of Ranua.<\/p>\n\n\n\n<h2 class=\"wp-block-heading\"><\/h2>\n\n\n\n<h2 class=\"wp-block-heading\">School and regional museum of Saukkoj\u00e4rvi<\/h2>\n\n\n\n<p>In Saukkoj\u00e4rvi village of Ranua, you can find school and regional museum. Museum building was formerly a school (built in 1898) that was working till 1959. Nowadays it serves as school and regional museum in two floors.<br><strong>Toljantie 196 B, 97700 Ranua. More information tel. +358 40 561 5953<\/strong><\/p>\n\n\n\n<h2 class=\"wp-block-heading\"><\/h2>\n\n\n\n<h2 class=\"wp-block-heading\">Ylimaa battle monument<\/h2>\n\n\n\n<p>Approximately 32 kilometers from Ranua, in the crossing of Palovaara road, a monument and a trail for Ylimaa stall battle can be found. Monument was designed by professor Ensio Sepp\u00e4nen.<\/p>\n\n\n\n<h2 class=\"wp-block-heading\"><br>Vicarage and village museum<\/h2>\n\n\n\n<p>In the old vicarage of Ranua, is now a museum presenting life of 1930-1950 parsonage and village.<br><strong>Pappilantie 11, 97700 Ranua<\/strong><\/p>\n\n\n\n<h2 class=\"wp-block-heading\"><\/h2>\n\n\n\n<h2 class=\"wp-block-heading\">Ranua Church<\/h2>\n\n\n\n<p>Ranua Church is a log building, with cross lay out. It has been ordained in 1914. The building has been renovated and nowadays it is accessible with moving-aids and an induction loop has been installed.<br><strong>Kirkkotie 10, 97700 Ranua.<br>More information:<\/strong> <a rel=\"noopener noreferrer\" href=\"http:\/\/www.ranuanseurakunta.fi\/kirkko-ja-tilat\/ranuan-kirkko\" target=\"_blank\">Ranuan kirkko<\/a><\/p>\n\n\n\n<h2 class=\"wp-block-heading\"><\/h2>\n\n\n\n<h2 class=\"wp-block-heading\"><strong>Changing exhibitions<\/strong><\/h2>\n\n\n\n<h2 class=\"wp-block-heading\">Library of Ranua<\/h2>\n\n\n\n<p>Ranuan kirjastossa vaihtuvia n\u00e4yttelyit\u00e4 ymp\u00e4ri vuoden. N\u00e4yttelyjen aukioloajat kirjaston aukioloaikojen mukaan.<br><strong>Sijainti: 97700 Ranua.&nbsp;<\/strong><\/p>\n","protected":false},"excerpt":{"rendered":"<p>You can get to know the lifestyles of the area in museums and exhibitions. If you are curious of how the everyday life has been in the area, there are regional and school museums. If you feel like having a moment of calmness while focusing on church architecture and altarpiece, invites Ranua Church you in. &#8230; <a title=\"MUSEUMS AND EXHIBITIONS\" class=\"read-more\" href=\"https:\/\/visitranua.fi\/en\/nae-ja-koe\/museums_and_exhibitions\/\" aria-label=\"Read more about MUSEUMS AND EXHIBITIONS\">Read more<\/a><\/p>\n","protected":false},"author":2,"featured_media":0,"parent":7407,"menu_order":0,"comment_status":"closed","ping_status":"closed","template":"","meta":{"_acf_changed":false,"footnotes":""},"class_list":["post-7477","page","type-page","status-publish"],"acf":[],"_links":{"self":[{"href":"https:\/\/visitranua.fi\/en\/wp-json\/wp\/v2\/pages\/7477","targetHints":{"allow":["GET"]}}],"collection":[{"href":"https:\/\/visitranua.fi\/en\/wp-json\/wp\/v2\/pages"}],"about":[{"href":"https:\/\/visitranua.fi\/en\/wp-json\/wp\/v2\/types\/page"}],"author":[{"embeddable":true,"href":"https:\/\/visitranua.fi\/en\/wp-json\/wp\/v2\/users\/2"}],"replies":[{"embeddable":true,"href":"https:\/\/visitranua.fi\/en\/wp-json\/wp\/v2\/comments?post=7477"}],"version-history":[{"count":4,"href":"https:\/\/visitranua.fi\/en\/wp-json\/wp\/v2\/pages\/7477\/revisions"}],"predecessor-version":[{"id":9314,"href":"https:\/\/visitranua.fi\/en\/wp-json\/wp\/v2\/pages\/7477\/revisions\/9314"}],"up":[{"embeddable":true,"href":"https:\/\/visitranua.fi\/en\/wp-json\/wp\/v2\/pages\/7407"}],"wp:attachment":[{"href":"https:\/\/visitranua.fi\/en\/wp-json\/wp\/v2\/media?parent=7477"}],"curies":[{"name":"wp","href":"https:\/\/api.w.org\/{rel}","templated":true}]}}