{"id":7482,"date":"2018-08-10T14:48:30","date_gmt":"2018-08-10T14:48:30","guid":{"rendered":"https:\/\/visitranua.fi\/iglut-ja-erikoismajoitukset\/"},"modified":"2022-09-13T06:24:47","modified_gmt":"2022-09-13T06:24:47","slug":"iglut-ja-erikoismajoitukset","status":"publish","type":"page","link":"https:\/\/visitranua.fi\/en\/majoitus-p\/iglut-ja-erikoismajoitukset\/","title":{"rendered":"Specials accommodations"},"content":{"rendered":"<p><img loading=\"lazy\" decoding=\"async\" class=\"alignnone wp-image-269 size-large\" src=\"https:\/\/visitranua.fi\/wp-content\/uploads\/2018\/08\/Kirkonkyla-1024x74.png\" alt=\"Kirkonkyl\u00e4 Ranua keskusta ilmakuva\" width=\"1024\" height=\"74\" \/><\/p>\n<p>[two-fifths-first]<img loading=\"lazy\" decoding=\"async\" class=\"alignnone size-medium wp-image-878\" src=\"https:\/\/visitranua.fi\/wp-content\/uploads\/2018\/09\/kuhan-tallin-aitta-300x200.jpg\" alt=\"Kuhan tallin aitta on kunnostettu majoitusk\u00e4ytt\u00f6\u00f6n Ranualla\" width=\"300\" height=\"200\" \/><\/p>\n<p>[\/two-fifths-first]<br \/>\n[three-fifths]<\/p>\n<h2>Traditional barn of Kuha Harmony<\/h2>\n<p>Traditional barn from early 1800s by the Lake Kuhaj\u00e4rvi has been renovated for accommodation while respecting the history of building. In this two-bed barn, it is possible to enjoy a good nights\u2019 sleep without disturbances. Toilet and bathroom are in the main-building 15 meters away from the barn. There is a place for campfire and possibility to fish at Lake Kuhaj\u00e4rvi. Available on Summer season.<\/p>\n<p>Kuha Harmony (Kuha stables)<br \/>\n<strong>Vanha Kuha 1 C, 97700 Ranua<\/strong><br \/>\n<a href=\"tel:+358407420619\">tel: +358 40 742 0619<\/a><br \/>\n<a href=\"mailto:liisa.kuha@edu.ranua.fi\">liisa.kuha@edu.ranua.fi<\/a><\/p>\n<p>[\/three-fifths]<\/p>\n<p>[clearfix]<\/p>\n<p>[two-fifths-first]<\/p>\n<p><img loading=\"lazy\" decoding=\"async\" class=\"wp-image-2373 size-medium\" style=\"-webkit-user-drag: none; display: inline-block; margin-bottom: -1ex;\" src=\"https:\/\/visitranua.fi\/wp-content\/uploads\/2019\/07\/futon-300x192.jpg\" alt=\"\" width=\"300\" height=\"192\" \/>Tatami room<\/p>\n<p>[\/two-fifths-first]<br \/>\n[three-fifths]<\/p>\n<h2>Japan house<\/h2>\n<p>Enjoy peaceful Japanese-style accommodation by the Lake Simoj\u00e4rvi.<\/p>\n<p>Forget everyday chores and experience the whole story. Japanhouse accommodate 2-4 persons by booking in advance.<br \/>\nBed will be traditional futon on the tatami floor. Price includes yukata -night gown and tea.<\/p>\n<p>Please, note that there will be no elevator in Japanhouse and tatami room is in second floor.<\/p>\n<p>Shower available. No pets.<\/p>\n<p>Inquiries and bookings\u00a0<a href=\"tel:+358445790483\">+358 44 579 0483<\/a>\u00a0or by e-mail\u00a0<a href=\"mailto:japanitalo@lappstory.fi\">japanitalo@lappstory.fi<\/a><\/p>\n<p><a href=\"http:\/\/www.japanitalo.fi\" target=\"_blank\" rel=\"noopener noreferrer\">www.japanitalo.fi<\/a><\/p>\n<p>[\/three-fifths]<\/p>\n<p>[clearfix]<\/p>\n","protected":false},"excerpt":{"rendered":"<p>[two-fifths-first] [\/two-fifths-first] [three-fifths] Traditional barn of Kuha Harmony Traditional barn from early 1800s by the Lake Kuhaj\u00e4rvi has been renovated for accommodation while respecting the history of building. In this two-bed barn, it is possible to enjoy a good nights\u2019 sleep without disturbances. Toilet and bathroom are in the main-building 15 meters away from the &#8230; <a title=\"Specials accommodations\" class=\"read-more\" href=\"https:\/\/visitranua.fi\/en\/majoitus-p\/iglut-ja-erikoismajoitukset\/\" aria-label=\"Read more about Specials accommodations\">Read more<\/a><\/p>\n","protected":false},"author":2,"featured_media":0,"parent":7492,"menu_order":0,"comment_status":"closed","ping_status":"closed","template":"","meta":{"_acf_changed":false,"footnotes":""},"class_list":["post-7482","page","type-page","status-publish"],"acf":[],"_links":{"self":[{"href":"https:\/\/visitranua.fi\/en\/wp-json\/wp\/v2\/pages\/7482","targetHints":{"allow":["GET"]}}],"collection":[{"href":"https:\/\/visitranua.fi\/en\/wp-json\/wp\/v2\/pages"}],"about":[{"href":"https:\/\/visitranua.fi\/en\/wp-json\/wp\/v2\/types\/page"}],"author":[{"embeddable":true,"href":"https:\/\/visitranua.fi\/en\/wp-json\/wp\/v2\/users\/2"}],"replies":[{"embeddable":true,"href":"https:\/\/visitranua.fi\/en\/wp-json\/wp\/v2\/comments?post=7482"}],"version-history":[{"count":1,"href":"https:\/\/visitranua.fi\/en\/wp-json\/wp\/v2\/pages\/7482\/revisions"}],"predecessor-version":[{"id":8088,"href":"https:\/\/visitranua.fi\/en\/wp-json\/wp\/v2\/pages\/7482\/revisions\/8088"}],"up":[{"embeddable":true,"href":"https:\/\/visitranua.fi\/en\/wp-json\/wp\/v2\/pages\/7492"}],"wp:attachment":[{"href":"https:\/\/visitranua.fi\/en\/wp-json\/wp\/v2\/media?parent=7482"}],"curies":[{"name":"wp","href":"https:\/\/api.w.org\/{rel}","templated":true}]}}