{"id":7485,"date":"2018-08-10T14:47:19","date_gmt":"2018-08-10T11:47:19","guid":{"rendered":"https:\/\/visitranua.fi\/hotellit-ja-huoneistot\/"},"modified":"2022-09-19T09:48:37","modified_gmt":"2022-09-19T09:48:37","slug":"hotellit-ja-huoneistot","status":"publish","type":"page","link":"https:\/\/visitranua.fi\/en\/hotellit-ja-huoneistot\/","title":{"rendered":"HOTELS AND APARTMENTS"},"content":{"rendered":"<p><img loading=\"lazy\" decoding=\"async\" class=\"alignnone size-large wp-image-269\" src=\"https:\/\/visitranua.fi\/wp-content\/uploads\/2018\/08\/Kirkonkyla-1024x74.png\" alt=\"\" width=\"1024\" height=\"74\" \/><\/p>\n<p>[two-fifths-first]<img loading=\"lazy\" decoding=\"async\" class=\"alignnone wp-image-281 size-medium\" src=\"https:\/\/visitranua.fi\/wp-content\/uploads\/2018\/08\/huon-koivusto-ulkoa-300x225.jpg\" alt=\"\" width=\"300\" height=\"225\" \/><br \/>\n<img loading=\"lazy\" decoding=\"async\" class=\"alignnone wp-image-282 size-medium\" src=\"https:\/\/visitranua.fi\/wp-content\/uploads\/2018\/08\/huoneisto-koivusto-300x200.jpg\" alt=\"\" width=\"300\" height=\"200\" \/>[\/two-fifths-first]<br \/>\n[three-fifths]<\/p>\n<h2>Lapland Koivusto apartment<\/h2>\n<p>Welcome to enjoy your vacation or business trip in a cosy environment in the Ranua village centre close to Lake Ranuanj\u00e4rvi, in a holiday apartment in a terraced house completed in November 2015. The price includes carport parking with a heating plug. The apartment is well equipped, including bedlinen and towels.<\/p>\n<p><strong>Koivutie 13, Ranua.<\/strong><br \/>\nTel:\u00a0<a href=\"tel:+358400391054\">+358 400 391 054<\/a><br \/>\n<a href=\"mailto:mikko@laprim.fi\">mikko@laprim.fi<\/a><br \/>\n<a href=\"http:\/\/booking.com\/laplandkoivustoapartment\">Lapland Koivusto Apartment in Booking.com<\/a><\/p>\n<p>[\/three-fifths]<\/p>\n<p>[clearfix]<\/p>\n<h1><img loading=\"lazy\" decoding=\"async\" class=\"alignnone wp-image-270\" src=\"https:\/\/visitranua.fi\/wp-content\/uploads\/2018\/08\/kortteenpera-300x22.png\" alt=\"\" width=\"981\" height=\"72\" \/><\/h1>\n<h1>[two-fifths-first]<img loading=\"lazy\" decoding=\"async\" class=\"alignnone size-medium wp-image-3317\" src=\"https:\/\/visitranua.fi\/wp-content\/uploads\/2022\/04\/simojarven_erakeskus_ulkoa-300x129.webp\" alt=\"\" width=\"300\" height=\"129\" \/>[\/two-fifths-first]<br \/>\n[three-fifths]Simoj\u00e4rven er\u00e4keskus<\/h1>\n<div class=\"page-text-content\">\n<pre id=\"tw-target-text\" class=\"tw-data-text tw-text-large tw-ta\" dir=\"ltr\" data-placeholder=\"K\u00e4\u00e4nn\u00f6s\"><span class=\"Y2IQFc\" lang=\"en\">Four fully equipped two-room apartments: kitchen, bedroom, loft, terrace, electric sauna, shower, toilet, refrigerator, stove, dishwasher, fireplace, cooking utensils, dishes. In addition, a conference\/camp school space for approx. 40 people. In the summer you can enjoy canoeing, fishing, hiking, seining, berry picking and hunting \u2013 in the winter skiing, ice skating and snowmobiling. The lake has clean water. A spacious beach sauna on the beach. The distance to the zoo is 43 km and to the center of Ranua 40 km.<\/span><\/pre>\n<p>Simoj\u00e4rvi, V\u00e4ltt\u00e4m\u00f6nsalmi<br \/>\n<a href=\"tel:0505341975\">Tel. +358 50 534 1975<\/a><br \/>\n<a href=\"mailto:lassekarttunen@gmail.com\">lassekarttunen49(at)gmail.com<\/a><\/p>\n<\/div>\n","protected":false},"excerpt":{"rendered":"<p>[two-fifths-first] [\/two-fifths-first] [three-fifths] Lapland Koivusto apartment Welcome to enjoy your vacation or business trip in a cosy environment in the Ranua village centre close to Lake Ranuanj\u00e4rvi, in a holiday apartment in a terraced house completed in November 2015. The price includes carport parking with a heating plug. The apartment is well equipped, including bedlinen &#8230; <a title=\"HOTELS AND APARTMENTS\" class=\"read-more\" href=\"https:\/\/visitranua.fi\/en\/hotellit-ja-huoneistot\/\" aria-label=\"Read more about HOTELS AND APARTMENTS\">Read more<\/a><\/p>\n","protected":false},"author":2,"featured_media":0,"parent":0,"menu_order":0,"comment_status":"closed","ping_status":"closed","template":"","meta":{"_acf_changed":false,"footnotes":""},"class_list":["post-7485","page","type-page","status-publish"],"acf":[],"_links":{"self":[{"href":"https:\/\/visitranua.fi\/en\/wp-json\/wp\/v2\/pages\/7485","targetHints":{"allow":["GET"]}}],"collection":[{"href":"https:\/\/visitranua.fi\/en\/wp-json\/wp\/v2\/pages"}],"about":[{"href":"https:\/\/visitranua.fi\/en\/wp-json\/wp\/v2\/types\/page"}],"author":[{"embeddable":true,"href":"https:\/\/visitranua.fi\/en\/wp-json\/wp\/v2\/users\/2"}],"replies":[{"embeddable":true,"href":"https:\/\/visitranua.fi\/en\/wp-json\/wp\/v2\/comments?post=7485"}],"version-history":[{"count":2,"href":"https:\/\/visitranua.fi\/en\/wp-json\/wp\/v2\/pages\/7485\/revisions"}],"predecessor-version":[{"id":8203,"href":"https:\/\/visitranua.fi\/en\/wp-json\/wp\/v2\/pages\/7485\/revisions\/8203"}],"wp:attachment":[{"href":"https:\/\/visitranua.fi\/en\/wp-json\/wp\/v2\/media?parent=7485"}],"curies":[{"name":"wp","href":"https:\/\/api.w.org\/{rel}","templated":true}]}}