{"id":6956,"date":"2022-06-21T16:58:55","date_gmt":"2022-06-21T16:58:55","guid":{"rendered":"https:\/\/visitranua.iwn.co\/?post_type=product&#038;p=6956"},"modified":"2025-05-04T15:05:36","modified_gmt":"2025-05-04T15:05:36","slug":"puulammitteinen-rantasauna","status":"publish","type":"product","link":"https:\/\/visitranua.fi\/en\/product\/puulammitteinen-rantasauna\/","title":{"rendered":"Puul\u00e4mmitteinen rantasauna"},"content":{"rendered":"<p>120 \u20ac \/ 2 tuntia<\/p>\n<p><strong>Mets\u00e4 Kolon<\/strong>\u00a0puul\u00e4mmitteinen rantasauna l\u00e4mmitet\u00e4\u00e4n sopimuksen mukaan, kylpyaika 2,5 h, 1-4 henkil\u00f6lle (lis\u00e4maksusta useammallekin).<\/p>\n<p>Hintaan sis\u00e4ltyy:<\/p>\n<ul>\n<li>saunan ja pesuveden l\u00e4mmitys polttopuineen<\/li>\n<li>Lapuan Kankureiden pellavaiset saunatekstiilit, 2 kpl \/ hl\u00f6<\/li>\n<li>Mets\u00e4 Kolon\u00a0luomusaippuan k\u00e4ytt\u00f6<\/li>\n<li>virkist\u00e4v\u00e4\u00e4 oman kaivon vett\u00e4<\/li>\n<li>huussi-k\u00e4ym\u00e4l\u00e4n rajaton k\u00e4ytt\u00f6<\/li>\n<li>parkkipaikka\u00a0auton l\u00e4mmitysroikalla<\/li>\n<li>pieni saunatupa<\/li>\n<\/ul>\n<p>Lis\u00e4el\u00e4myksen\u00e4 saat avata avannon saunan tuntumassa.<\/p>\n<p>Huom! Pid\u00e4th\u00e4n paikat siistein\u00e4! Voit my\u00f6s varata loppusiivouksen erikseen EUR 35,00.<\/p>\n<p>Tiedustelut<br \/>\nMets\u00e4kolontie 5, 97760 Saariharju<br \/>\nPuh. 045 2309 309<br \/>\nalexandra@lapinmetsalainen.fi<br \/>\nwww.metsakolo.fi<\/p>\n","protected":false},"excerpt":{"rendered":"<p>Rentoudu hirsisaunan lempeiss\u00e4 l\u00f6ylyiss\u00e4! Pulahda virkist\u00e4v\u00e4\u00e4n j\u00e4rveen ja nauti kuvankauniista maisemasta ylellisiin Lapuan Kankureiden pellavaisiin Mets\u00e4-pyyhkeisiin k\u00e4\u00e4riytyneen\u00e4.<\/p>\n<p>K\u00e4yt\u00f6ss\u00e4si on Mets\u00e4 Kolon oma luomusaippua. Talvisena lis\u00e4el\u00e4myksen\u00e4 voi avata avannon saunan tuntumassa.<\/p>\n","protected":false},"author":7,"featured_media":9417,"template":"","meta":{"_acf_changed":false},"product_brand":[],"product_cat":[36,190],"product_tag":[59,58],"class_list":{"0":"post-6956","1":"product","2":"type-product","3":"status-publish","4":"has-post-thumbnail","6":"product_cat-ohjelmapalvelu","7":"product_cat-sauna","8":"product_tag-avantouinti","9":"product_tag-rantasauna","11":"first","12":"instock","13":"taxable","14":"shipping-taxable","15":"product-type-simple"},"acf":[],"_links":{"self":[{"href":"https:\/\/visitranua.fi\/en\/wp-json\/wp\/v2\/product\/6956","targetHints":{"allow":["GET"]}}],"collection":[{"href":"https:\/\/visitranua.fi\/en\/wp-json\/wp\/v2\/product"}],"about":[{"href":"https:\/\/visitranua.fi\/en\/wp-json\/wp\/v2\/types\/product"}],"author":[{"embeddable":true,"href":"https:\/\/visitranua.fi\/en\/wp-json\/wp\/v2\/users\/7"}],"wp:featuredmedia":[{"embeddable":true,"href":"https:\/\/visitranua.fi\/en\/wp-json\/wp\/v2\/media\/9417"}],"wp:attachment":[{"href":"https:\/\/visitranua.fi\/en\/wp-json\/wp\/v2\/media?parent=6956"}],"wp:term":[{"taxonomy":"product_brand","embeddable":true,"href":"https:\/\/visitranua.fi\/en\/wp-json\/wp\/v2\/product_brand?post=6956"},{"taxonomy":"product_cat","embeddable":true,"href":"https:\/\/visitranua.fi\/en\/wp-json\/wp\/v2\/product_cat?post=6956"},{"taxonomy":"product_tag","embeddable":true,"href":"https:\/\/visitranua.fi\/en\/wp-json\/wp\/v2\/product_tag?post=6956"}],"curies":[{"name":"wp","href":"https:\/\/api.w.org\/{rel}","templated":true}]}}