{"id":7271,"date":"2022-07-14T09:22:10","date_gmt":"2022-07-14T09:22:10","guid":{"rendered":"https:\/\/visitranua.fi\/?post_type=product&#038;p=7271"},"modified":"2022-08-09T06:43:42","modified_gmt":"2022-08-09T06:43:42","slug":"t-paita-lomalla-vaalean-vihrea","status":"publish","type":"product","link":"https:\/\/visitranua.fi\/en\/product\/t-paita-lomalla-vaalean-vihrea\/","title":{"rendered":"T-paita &#8211; lomalla Vaalean vihre\u00e4"},"content":{"rendered":"<p>Loma -T-paita ranualaisten huippukuvaajien kuvilla painatettuna.<\/p>\n<p><strong>Merkitse KOKOSI lis\u00e4tietoja kohtaan! Koot S &#8211; 3XL.<\/strong><\/p>\n<p>Tilaus sis\u00e4lt\u00e4\u00e4 yhden paidan, jos et muuta mainitse.<\/p>\n<p>Hinta sis. postikulut 3 euroa.<\/p>\n<p>(Jos olet matkailuyhdistyksen j\u00e4sen, ilmoita se lis\u00e4tietoa kohdassa, saat paidan j\u00e4senhintaan.)<\/p>\n<p>&nbsp;<\/p>\n<p>&nbsp;<\/p>\n<h3 class=\"product-content-infotitle js-product-classhereifneedssomethingforbackendpurposes\">Tiedustelut<\/h3>\n<div class=\"product-content-infotable\">\n<div class=\"product-content-inforow\">\n<div class=\"product-content-infovalue\">info@visitranua.fi<\/div>\n<\/div>\n<\/div>\n","protected":false},"excerpt":{"rendered":"<p>Loma -T-paita ranualaisten huippukuvaajien kuvilla painatettuna. Merkitse KOKOSI lis\u00e4tietoja kohtaan! Koot S &#8211; 3XL. Tilaus sis\u00e4lt\u00e4\u00e4 yhden paidan, jos et muuta mainitse. Hinta sis. postikulut 3 euroa. (Jos olet matkailuyhdistyksen j\u00e4sen, ilmoita se lis\u00e4tietoa kohdassa, saat paidan j\u00e4senhintaan.) &nbsp; &nbsp; Tiedustelut info@visitranua.fi<\/p>\n","protected":false},"author":7,"featured_media":7272,"template":"","meta":{"_acf_changed":false},"product_brand":[],"product_cat":[44,37],"product_tag":[79,78,75,76,94,77],"class_list":{"0":"post-7271","1":"product","2":"type-product","3":"status-publish","4":"has-post-thumbnail","6":"product_cat-lahjaideat","7":"product_cat-tuote","8":"product_tag-kaikki-matkailusta","9":"product_tag-ladut","10":"product_tag-ranuan-kartta","11":"product_tag-retkeilyreitit","12":"product_tag-t-paita","13":"product_tag-uimapaikat","15":"first","16":"instock","17":"featured","18":"virtual","19":"taxable","20":"product-type-simple"},"acf":[],"_links":{"self":[{"href":"https:\/\/visitranua.fi\/en\/wp-json\/wp\/v2\/product\/7271","targetHints":{"allow":["GET"]}}],"collection":[{"href":"https:\/\/visitranua.fi\/en\/wp-json\/wp\/v2\/product"}],"about":[{"href":"https:\/\/visitranua.fi\/en\/wp-json\/wp\/v2\/types\/product"}],"author":[{"embeddable":true,"href":"https:\/\/visitranua.fi\/en\/wp-json\/wp\/v2\/users\/7"}],"wp:featuredmedia":[{"embeddable":true,"href":"https:\/\/visitranua.fi\/en\/wp-json\/wp\/v2\/media\/7272"}],"wp:attachment":[{"href":"https:\/\/visitranua.fi\/en\/wp-json\/wp\/v2\/media?parent=7271"}],"wp:term":[{"taxonomy":"product_brand","embeddable":true,"href":"https:\/\/visitranua.fi\/en\/wp-json\/wp\/v2\/product_brand?post=7271"},{"taxonomy":"product_cat","embeddable":true,"href":"https:\/\/visitranua.fi\/en\/wp-json\/wp\/v2\/product_cat?post=7271"},{"taxonomy":"product_tag","embeddable":true,"href":"https:\/\/visitranua.fi\/en\/wp-json\/wp\/v2\/product_tag?post=7271"}],"curies":[{"name":"wp","href":"https:\/\/api.w.org\/{rel}","templated":true}]}}