{"id":7273,"date":"2022-07-14T09:24:44","date_gmt":"2022-07-14T09:24:44","guid":{"rendered":"https:\/\/visitranua.fi\/?post_type=product&#038;p=7273"},"modified":"2022-08-09T06:43:05","modified_gmt":"2022-08-09T06:43:05","slug":"t-paita-lomalla-musta","status":"publish","type":"product","link":"https:\/\/visitranua.fi\/en\/product\/t-paita-lomalla-musta\/","title":{"rendered":"T-paita &#8211; lomalla MUSTA"},"content":{"rendered":"<p>Loma -T-paita ranualaisten huippukuvaajien kuvilla painatettuna.<\/p>\n<p><strong>Merkitse KOKOSI lis\u00e4tietoja kohtaan! Koot S &#8211; 3XL.<\/strong><\/p>\n<p>Tilaus sis\u00e4lt\u00e4\u00e4 yhden paidan, jos et muuta mainitse.<\/p>\n<p>Hinta sis. postikulut 3 euroa.<\/p>\n<p>(Jos olet matkailuyhdistyksen j\u00e4sen, ilmoita se lis\u00e4tietoa kohdassa, saat paidan j\u00e4senhintaan.)<\/p>\n<p>Tilaukset toimitetaan elokuun alussa lomien vuoksi.<\/p>\n<p>&nbsp;<\/p>\n<h3 class=\"product-content-infotitle js-product-classhereifneedssomethingforbackendpurposes\">Tiedustelut<\/h3>\n<div class=\"product-content-infotable\">\n<div class=\"product-content-inforow\">\n<div class=\"product-content-infovalue\">info@visitranua.fi<\/div>\n<\/div>\n<\/div>\n","protected":false},"excerpt":{"rendered":"<p>Loma -T-paita ranualaisten huippukuvaajien kuvilla painatettuna. Merkitse KOKOSI lis\u00e4tietoja kohtaan! Koot S &#8211; 3XL. Tilaus sis\u00e4lt\u00e4\u00e4 yhden paidan, jos et muuta mainitse. Hinta sis. postikulut 3 euroa. (Jos olet matkailuyhdistyksen j\u00e4sen, ilmoita se lis\u00e4tietoa kohdassa, saat paidan j\u00e4senhintaan.) Tilaukset toimitetaan elokuun alussa lomien vuoksi. &nbsp; Tiedustelut info@visitranua.fi<\/p>\n","protected":false},"author":7,"featured_media":7274,"template":"","meta":{"_acf_changed":false},"product_brand":[],"product_cat":[44,37],"product_tag":[79,78,75,76,94,99,77],"class_list":{"0":"post-7273","1":"product","2":"type-product","3":"status-publish","4":"has-post-thumbnail","6":"product_cat-lahjaideat","7":"product_cat-tuote","8":"product_tag-kaikki-matkailusta","9":"product_tag-ladut","10":"product_tag-ranuan-kartta","11":"product_tag-retkeilyreitit","12":"product_tag-t-paita","13":"product_tag-tpaita","14":"product_tag-uimapaikat","16":"first","17":"instock","18":"featured","19":"virtual","20":"taxable","21":"product-type-simple"},"acf":[],"_links":{"self":[{"href":"https:\/\/visitranua.fi\/en\/wp-json\/wp\/v2\/product\/7273","targetHints":{"allow":["GET"]}}],"collection":[{"href":"https:\/\/visitranua.fi\/en\/wp-json\/wp\/v2\/product"}],"about":[{"href":"https:\/\/visitranua.fi\/en\/wp-json\/wp\/v2\/types\/product"}],"author":[{"embeddable":true,"href":"https:\/\/visitranua.fi\/en\/wp-json\/wp\/v2\/users\/7"}],"wp:featuredmedia":[{"embeddable":true,"href":"https:\/\/visitranua.fi\/en\/wp-json\/wp\/v2\/media\/7274"}],"wp:attachment":[{"href":"https:\/\/visitranua.fi\/en\/wp-json\/wp\/v2\/media?parent=7273"}],"wp:term":[{"taxonomy":"product_brand","embeddable":true,"href":"https:\/\/visitranua.fi\/en\/wp-json\/wp\/v2\/product_brand?post=7273"},{"taxonomy":"product_cat","embeddable":true,"href":"https:\/\/visitranua.fi\/en\/wp-json\/wp\/v2\/product_cat?post=7273"},{"taxonomy":"product_tag","embeddable":true,"href":"https:\/\/visitranua.fi\/en\/wp-json\/wp\/v2\/product_tag?post=7273"}],"curies":[{"name":"wp","href":"https:\/\/api.w.org\/{rel}","templated":true}]}}