{"id":7275,"date":"2022-07-14T09:28:41","date_gmt":"2022-07-14T09:28:41","guid":{"rendered":"https:\/\/visitranua.fi\/?post_type=product&#038;p=7275"},"modified":"2022-08-09T06:41:17","modified_gmt":"2022-08-09T06:41:17","slug":"lippis-one-size","status":"publish","type":"product","link":"https:\/\/visitranua.fi\/en\/product\/lippis-one-size\/","title":{"rendered":"LIPPIS one size"},"content":{"rendered":"<p>Lippiksen takaosa on verkkoa.<\/p>\n<p>Hinta sis. postikulut 3 euroa Suomeen.<\/p>\n<p>(Jos olet matkailuyhdistyksen j\u00e4sen, ilmoita se lis\u00e4tietoa kohdassa, saat lippiksen j\u00e4senhintaan.)<\/p>\n<p>&nbsp;<\/p>\n<h3 class=\"product-content-infotitle js-product-classhereifneedssomethingforbackendpurposes\">Tiedustelut<\/h3>\n<div class=\"product-content-infotable\">\n<div class=\"product-content-inforow\">\n<div class=\"product-content-infovalue\">info@visitranua.fi<\/div>\n<\/div>\n<\/div>\n","protected":false},"excerpt":{"rendered":"<p>Fani-lippis<\/p>\n","protected":false},"author":7,"featured_media":7276,"template":"","meta":{"_acf_changed":false},"product_brand":[],"product_cat":[44,37],"product_tag":[79,78,98,97,75,76,94,77],"class_list":{"0":"post-7275","1":"product","2":"type-product","3":"status-publish","4":"has-post-thumbnail","6":"product_cat-lahjaideat","7":"product_cat-tuote","8":"product_tag-kaikki-matkailusta","9":"product_tag-ladut","10":"product_tag-lippalakki","11":"product_tag-lippis","12":"product_tag-ranuan-kartta","13":"product_tag-retkeilyreitit","14":"product_tag-t-paita","15":"product_tag-uimapaikat","17":"first","18":"instock","19":"featured","20":"virtual","21":"taxable","22":"product-type-simple"},"acf":[],"_links":{"self":[{"href":"https:\/\/visitranua.fi\/en\/wp-json\/wp\/v2\/product\/7275","targetHints":{"allow":["GET"]}}],"collection":[{"href":"https:\/\/visitranua.fi\/en\/wp-json\/wp\/v2\/product"}],"about":[{"href":"https:\/\/visitranua.fi\/en\/wp-json\/wp\/v2\/types\/product"}],"author":[{"embeddable":true,"href":"https:\/\/visitranua.fi\/en\/wp-json\/wp\/v2\/users\/7"}],"wp:featuredmedia":[{"embeddable":true,"href":"https:\/\/visitranua.fi\/en\/wp-json\/wp\/v2\/media\/7276"}],"wp:attachment":[{"href":"https:\/\/visitranua.fi\/en\/wp-json\/wp\/v2\/media?parent=7275"}],"wp:term":[{"taxonomy":"product_brand","embeddable":true,"href":"https:\/\/visitranua.fi\/en\/wp-json\/wp\/v2\/product_brand?post=7275"},{"taxonomy":"product_cat","embeddable":true,"href":"https:\/\/visitranua.fi\/en\/wp-json\/wp\/v2\/product_cat?post=7275"},{"taxonomy":"product_tag","embeddable":true,"href":"https:\/\/visitranua.fi\/en\/wp-json\/wp\/v2\/product_tag?post=7275"}],"curies":[{"name":"wp","href":"https:\/\/api.w.org\/{rel}","templated":true}]}}