{"id":7697,"date":"2022-06-21T16:29:57","date_gmt":"2022-06-21T16:29:57","guid":{"rendered":"https:\/\/visitranua.fi\/product\/metsa-kolo-arctic-wild-camp\/"},"modified":"2022-09-01T10:37:51","modified_gmt":"2022-09-01T10:37:51","slug":"metsa-kolo-arctic-wild-camp","status":"publish","type":"product","link":"https:\/\/visitranua.fi\/en\/product\/metsa-kolo-arctic-wild-camp\/","title":{"rendered":"Mets\u00e4 Kolo &#8211; Arctic wild Camp"},"content":{"rendered":"<p>EUR 38 person<\/p>\n<p>Good to know when choosing tent accommodation:<\/p>\n<p>you can choose your own campsite on the 130 hectares grounds<\/p>\n<p>log sauna is heated in the evenings at no extra charge<\/p>\n<p>luxurious linen sauna towels included<\/p>\n<p>fresh drinking water from the yard\u2019s own well<\/p>\n<p>campfire sites and barbecue are in free use<\/p>\n<p>firewood included in the price<\/p>\n<p>We also offer comfort-enhancing services \u2013 let us know if you have any questions, we are happy to help!<\/p>\n<p>More information:<\/p>\n<p><strong>Mets\u00e4kolontie 5,<\/strong><strong> 97760 Saariharju<\/strong><strong><br \/>\n<\/strong>Tel. +358 45 2309 309<a href=\"tel:+358452309309\">  045 2309 309<\/a><br \/>\n<a href=\"mailto:alexandra@metsalainen.fi\">alexandra@metsalainen.fi<\/a><br \/>\n<a href=\"http:\/\/www.metsakolo.fi\/\">www.metsakolo.fi<\/a><\/p>\n","protected":false},"excerpt":{"rendered":"<p>Meill\u00e4 Mets\u00e4 Kolossa turvallisuus ja luonnonl\u00e4heisyys kulkevat k\u00e4si k\u00e4dess\u00e4. Houkutteleva ja taloudellinen tapa tulla vieraaksemme on valita telttamajoitus tai nukkua s\u00e4\u00e4n niin salliessa jopa taivasalla. T\u00e4m\u00e4 pit\u00e4\u00e4 jokaisen kokea v\u00e4hint\u00e4\u00e4n kerran el\u00e4m\u00e4ss\u00e4!<\/p>\n","protected":false},"author":7,"featured_media":7698,"template":"","meta":{"_acf_changed":false},"product_brand":[],"product_cat":[105,127],"product_tag":[],"class_list":{"0":"post-7697","1":"product","2":"type-product","3":"status-publish","4":"has-post-thumbnail","6":"product_cat-accommodation","7":"product_cat-erikoismajoitukset-en","9":"first","10":"instock","11":"virtual","12":"taxable","13":"product-type-simple"},"acf":[],"_links":{"self":[{"href":"https:\/\/visitranua.fi\/en\/wp-json\/wp\/v2\/product\/7697","targetHints":{"allow":["GET"]}}],"collection":[{"href":"https:\/\/visitranua.fi\/en\/wp-json\/wp\/v2\/product"}],"about":[{"href":"https:\/\/visitranua.fi\/en\/wp-json\/wp\/v2\/types\/product"}],"author":[{"embeddable":true,"href":"https:\/\/visitranua.fi\/en\/wp-json\/wp\/v2\/users\/7"}],"wp:featuredmedia":[{"embeddable":true,"href":"https:\/\/visitranua.fi\/en\/wp-json\/wp\/v2\/media\/7698"}],"wp:attachment":[{"href":"https:\/\/visitranua.fi\/en\/wp-json\/wp\/v2\/media?parent=7697"}],"wp:term":[{"taxonomy":"product_brand","embeddable":true,"href":"https:\/\/visitranua.fi\/en\/wp-json\/wp\/v2\/product_brand?post=7697"},{"taxonomy":"product_cat","embeddable":true,"href":"https:\/\/visitranua.fi\/en\/wp-json\/wp\/v2\/product_cat?post=7697"},{"taxonomy":"product_tag","embeddable":true,"href":"https:\/\/visitranua.fi\/en\/wp-json\/wp\/v2\/product_tag?post=7697"}],"curies":[{"name":"wp","href":"https:\/\/api.w.org\/{rel}","templated":true}]}}