{"id":7724,"date":"2022-06-21T15:20:12","date_gmt":"2022-06-21T15:20:12","guid":{"rendered":"https:\/\/visitranua.fi\/product\/simojarven-eratuvat-accommodation\/"},"modified":"2022-09-01T11:00:58","modified_gmt":"2022-09-01T11:00:58","slug":"simojarven-erakeskus","status":"publish","type":"product","link":"https:\/\/visitranua.fi\/en\/product\/simojarven-erakeskus\/","title":{"rendered":"Simoj\u00e4rven er\u00e4tuvat accommodation"},"content":{"rendered":"<p>4 fully equipped two-room apartments: living room with kicthen, bed room, loft, terrace, electric sauna, shower, toilet, refrigerator, electric stove, dishwacher, fire place, cooking utensils, crockery sets. In addition meeting and camp facilities for 40 persons In summer you can go canoeing, fishing, hiking, seine fishing, berry picking and hunting. In winter you can ski, ice fishing and drive a snowmobile. The lake has clean water. There is a spacious sauna on the beach. The zoo is 43 km away and 40 km to the Ranua center.<\/p>\n<p>Simoj\u00e4rvi, V\u00e4ltt\u00e4m\u00f6nsalmi<br \/>\n<a href=\"tel:0505341975\">Tel. +358 45 2309 309 050 534 1975<\/a><br \/>\n<a href=\"mailto:lassekarttunen@gmail.com\">lassekarttunen49(at)gmail.com<\/a><\/p>\n","protected":false},"excerpt":{"rendered":"<p>In summer you can go canoeing, fishing, hiking, seine fishing, berry picking and hunting. In winter you can ski, ice fishing and drive a snowmobile. The lake has clean water and there is a spacious sauna on the beach.<\/p>\n<p>Simoj\u00e4rvi, V\u00e4ltt\u00e4m\u00f6nsalmi<br \/>\n<a href=\"tel:0505341975\">Tel. +358 45 2309 309 050 534 1975<\/a><br \/>\n<a href=\"mailto:lassekarttunen@gmail.com\">lassekarttunen49(at)gmail.com<\/a><\/p>\n","protected":false},"author":7,"featured_media":5558,"template":"","meta":{"_acf_changed":false},"product_brand":[],"product_cat":[105,107,126],"product_tag":[110,130,109,129],"class_list":{"0":"post-7724","1":"product","2":"type-product","3":"status-publish","4":"has-post-thumbnail","6":"product_cat-accommodation","7":"product_cat-cottages","8":"product_cat-hotels-and-apartments","9":"product_tag-accommodation","10":"product_tag-leirikeskus-en","11":"product_tag-ranua-en","12":"product_tag-simojarvi-en","13":"resize-featured-image","15":"first","16":"instock","17":"taxable","18":"shipping-taxable","19":"product-type-simple"},"acf":[],"_links":{"self":[{"href":"https:\/\/visitranua.fi\/en\/wp-json\/wp\/v2\/product\/7724","targetHints":{"allow":["GET"]}}],"collection":[{"href":"https:\/\/visitranua.fi\/en\/wp-json\/wp\/v2\/product"}],"about":[{"href":"https:\/\/visitranua.fi\/en\/wp-json\/wp\/v2\/types\/product"}],"author":[{"embeddable":true,"href":"https:\/\/visitranua.fi\/en\/wp-json\/wp\/v2\/users\/7"}],"wp:featuredmedia":[{"embeddable":true,"href":"https:\/\/visitranua.fi\/en\/wp-json\/wp\/v2\/media\/5558"}],"wp:attachment":[{"href":"https:\/\/visitranua.fi\/en\/wp-json\/wp\/v2\/media?parent=7724"}],"wp:term":[{"taxonomy":"product_brand","embeddable":true,"href":"https:\/\/visitranua.fi\/en\/wp-json\/wp\/v2\/product_brand?post=7724"},{"taxonomy":"product_cat","embeddable":true,"href":"https:\/\/visitranua.fi\/en\/wp-json\/wp\/v2\/product_cat?post=7724"},{"taxonomy":"product_tag","embeddable":true,"href":"https:\/\/visitranua.fi\/en\/wp-json\/wp\/v2\/product_tag?post=7724"}],"curies":[{"name":"wp","href":"https:\/\/api.w.org\/{rel}","templated":true}]}}