{"id":7856,"date":"2022-06-18T09:24:28","date_gmt":"2022-06-18T09:24:28","guid":{"rendered":"https:\/\/visitranua.fi\/product\/lohiniitty-cabin\/"},"modified":"2022-06-18T09:24:28","modified_gmt":"2022-06-18T09:24:28","slug":"lohiniitty-2","status":"publish","type":"product","link":"https:\/\/visitranua.fi\/en\/product\/lohiniitty-2\/","title":{"rendered":"Lohiniitty cabin"},"content":{"rendered":"<p>19 m2<br \/>\nRooms: living room, kicthenette and loft (steep stairs), electric sauna<br \/>\nBeds: 2+2<br \/>\nEquipment: electric, stove, electric sauna, electric stove, water pipes, shower, outdoor toilet, electric stove, fridge, microwave, TV, CD-player, DVD, ball grill, rowing boat Wood-heated beach sauna 250 m from the cottage in the summer (shared)<br \/>\nPets: allowed<br \/>\nNo smoking<\/p>\n<p>More information: +358 400 790 850 0400 790 850<br \/>\nHoliday in Lapland<\/p>\n","protected":false},"excerpt":{"rendered":"<p>Vuonna 2008 rakennettu hirsik\u00e4mpp\u00e4 lohistaan kuulun Simojoen t\u00f6rm\u00e4ll\u00e4. You can fish for salmon, trout and grayling from the river. The river is unleashed and ideal for fly fishing from the shore. Yl\u00e4osa joesta on rauhallista er\u00e4maista maisemaa, alaosalla on enemm\u00e4n kulttuurimaisemaa. The river is also ideal for canoeing L\u00e4hist\u00f6ll\u00e4 runsaasti valtion mets\u00e4stysmaita ja hillasoita sek\u00e4 Ranuan, ett\u00e4 Simon kunnan puolella. K\u00e4mp\u00e4n kohdalla 3.5 km omistajan omaa kalastusaluetta. One fishing permit is included in the rental price of the cabin.<\/p>\n","protected":false},"author":3,"featured_media":7857,"template":"","meta":{"_acf_changed":false},"product_brand":[],"product_cat":[105,107],"product_tag":[],"class_list":{"0":"post-7856","1":"product","2":"type-product","3":"status-publish","4":"has-post-thumbnail","6":"product_cat-accommodation","7":"product_cat-cottages","9":"first","10":"instock","11":"taxable","12":"shipping-taxable","13":"product-type-simple"},"acf":[],"_links":{"self":[{"href":"https:\/\/visitranua.fi\/en\/wp-json\/wp\/v2\/product\/7856","targetHints":{"allow":["GET"]}}],"collection":[{"href":"https:\/\/visitranua.fi\/en\/wp-json\/wp\/v2\/product"}],"about":[{"href":"https:\/\/visitranua.fi\/en\/wp-json\/wp\/v2\/types\/product"}],"author":[{"embeddable":true,"href":"https:\/\/visitranua.fi\/en\/wp-json\/wp\/v2\/users\/3"}],"wp:featuredmedia":[{"embeddable":true,"href":"https:\/\/visitranua.fi\/en\/wp-json\/wp\/v2\/media\/7857"}],"wp:attachment":[{"href":"https:\/\/visitranua.fi\/en\/wp-json\/wp\/v2\/media?parent=7856"}],"wp:term":[{"taxonomy":"product_brand","embeddable":true,"href":"https:\/\/visitranua.fi\/en\/wp-json\/wp\/v2\/product_brand?post=7856"},{"taxonomy":"product_cat","embeddable":true,"href":"https:\/\/visitranua.fi\/en\/wp-json\/wp\/v2\/product_cat?post=7856"},{"taxonomy":"product_tag","embeddable":true,"href":"https:\/\/visitranua.fi\/en\/wp-json\/wp\/v2\/product_tag?post=7856"}],"curies":[{"name":"wp","href":"https:\/\/api.w.org\/{rel}","templated":true}]}}