{"id":7998,"date":"2022-06-18T09:20:03","date_gmt":"2022-06-18T09:20:03","guid":{"rendered":"https:\/\/visitranua.fi\/product\/kulturanta\/"},"modified":"2022-09-14T07:43:26","modified_gmt":"2022-09-14T07:43:26","slug":"kulturanta","status":"publish","type":"product","link":"https:\/\/visitranua.fi\/en\/product\/kulturanta\/","title":{"rendered":"Kulturanta"},"content":{"rendered":"<p>500 m2<br \/>\nRooms: 7 bedroom, living room, kitchen, dining room, sauna spa, meeting room for 20 person, karaoke bar space, cinema<br \/>\nBeds: 20<br \/>\nliving areas, kitchen, dining areas, sauna department, conference room for 20, karaoke bar\/cinema jacuzzi inside, hot tub on the terrace, wireless wlan, private sandy beach, beachvolley court, high-quality barbecue, outdoor sauna, large pier with a place for a seaplane.<br \/>\nCleaning is not included.<br \/>\nGuests must bring their own sheets and towels.<\/p>\n<p>Mauri Kuha<br \/>\n0500 205 462<br \/>\nkulturanta@hotmail.com<\/p>\n","protected":false},"excerpt":{"rendered":"<p>Price from 1 500 eur \/ weekend Ask for an offer<\/p>\n<p>Keskell\u00e4 Simoj\u00e4rven jylh\u00e4\u00e4 j\u00e4rvimaisemaa ja ymp\u00e4r\u00f6iv\u00e4\u00e4 er\u00e4maata sijaitsee loistokas ja tasokas huvila. T\u00e4m\u00e4 kokonaisuus on luotu yksityisi\u00e4 tilaisuuksia varten yksityishenkil\u00f6ille, yrityksille tai j\u00e4rjest\u00f6ille. T\u00e4\u00e4ll\u00e4 sujuvat niin julhat, virkistysp\u00e4iv\u00e4t kuin kokoukset ja koulutuksetkin. Langattoman verkkoyhteyden avulla kokonaisvaltainen kokemus on taattu. Pihapiiri on luotu vapaa-ajan rentoutumista varten kaikkine eri tiloineen. Tontin turvallisuus ja yksityisyys on varmistettu vankalla aidalla ja kameravalvonnalla.<br \/>\nPrice from 1 500 eur \/ weekend Ask for an offer<\/p>\n","protected":false},"author":3,"featured_media":5074,"template":"","meta":{"_acf_changed":false},"product_brand":[],"product_cat":[105,127],"product_tag":[],"class_list":{"0":"post-7998","1":"product","2":"type-product","3":"status-publish","4":"has-post-thumbnail","6":"product_cat-accommodation","7":"product_cat-erikoismajoitukset-en","9":"first","10":"instock","11":"taxable","12":"shipping-taxable","13":"product-type-simple"},"acf":[],"_links":{"self":[{"href":"https:\/\/visitranua.fi\/en\/wp-json\/wp\/v2\/product\/7998","targetHints":{"allow":["GET"]}}],"collection":[{"href":"https:\/\/visitranua.fi\/en\/wp-json\/wp\/v2\/product"}],"about":[{"href":"https:\/\/visitranua.fi\/en\/wp-json\/wp\/v2\/types\/product"}],"author":[{"embeddable":true,"href":"https:\/\/visitranua.fi\/en\/wp-json\/wp\/v2\/users\/3"}],"wp:featuredmedia":[{"embeddable":true,"href":"https:\/\/visitranua.fi\/en\/wp-json\/wp\/v2\/media\/5074"}],"wp:attachment":[{"href":"https:\/\/visitranua.fi\/en\/wp-json\/wp\/v2\/media?parent=7998"}],"wp:term":[{"taxonomy":"product_brand","embeddable":true,"href":"https:\/\/visitranua.fi\/en\/wp-json\/wp\/v2\/product_brand?post=7998"},{"taxonomy":"product_cat","embeddable":true,"href":"https:\/\/visitranua.fi\/en\/wp-json\/wp\/v2\/product_cat?post=7998"},{"taxonomy":"product_tag","embeddable":true,"href":"https:\/\/visitranua.fi\/en\/wp-json\/wp\/v2\/product_tag?post=7998"}],"curies":[{"name":"wp","href":"https:\/\/api.w.org\/{rel}","templated":true}]}}