{"id":8049,"date":"2022-06-08T09:32:16","date_gmt":"2022-06-08T09:32:16","guid":{"rendered":"https:\/\/visitranua.fi\/product\/rubus-hillatuote-cloudberry-product-gift-box\/"},"modified":"2022-06-08T09:32:16","modified_gmt":"2022-06-08T09:32:16","slug":"robus-2","status":"publish","type":"product","link":"https:\/\/visitranua.fi\/en\/product\/robus-2\/","title":{"rendered":"Rubus Hillatuote &#8211; Cloudberry product gift box"},"content":{"rendered":"<p>Hyv\u00e4 lahjaidea, kun haluat antaa palan ranualaista luontoa. Hilla &#8211; lahjapakkaus sis\u00e4lt\u00e4\u00e4 hillavoiteen, hoitavan huulivoiteen ja hillashampoon.<\/p>\n<p>Tuotteita rajoitettu m\u00e4\u00e4r\u00e4<\/p>\n<h3 class=\"product-content-infotitle js-product-classhereifneedssomethingforbackendpurposes\">More information:<\/h3>\n<div class=\"product-content-infotable\">\n<div class=\"product-content-inforow\">\n<div class=\"product-content-infovalue\">Rubus Cosmetics<br \/>\ninfo@rubus.fi<br \/>\n0400 462 021<\/div>\n<\/div>\n<\/div>\n","protected":false},"excerpt":{"rendered":"<p>Rubus Cosmetics tuotteet ovat erityisesti herk\u00e4lle iholle valmistettuja.<\/p>\n","protected":false},"author":15,"featured_media":8050,"template":"","meta":{"_acf_changed":false},"product_brand":[],"product_cat":[146,118,117],"product_tag":[148,109,147],"class_list":{"0":"post-8049","1":"product","2":"type-product","3":"status-publish","4":"has-post-thumbnail","6":"product_cat-kosmetiikka-en","7":"product_cat-gift","8":"product_cat-shop-en","9":"product_tag-hillavoi-en","10":"product_tag-ranua-en","11":"product_tag-rubus-en","13":"first","14":"instock","15":"featured","16":"taxable","17":"shipping-taxable","18":"product-type-simple"},"acf":[],"_links":{"self":[{"href":"https:\/\/visitranua.fi\/en\/wp-json\/wp\/v2\/product\/8049","targetHints":{"allow":["GET"]}}],"collection":[{"href":"https:\/\/visitranua.fi\/en\/wp-json\/wp\/v2\/product"}],"about":[{"href":"https:\/\/visitranua.fi\/en\/wp-json\/wp\/v2\/types\/product"}],"author":[{"embeddable":true,"href":"https:\/\/visitranua.fi\/en\/wp-json\/wp\/v2\/users\/15"}],"wp:featuredmedia":[{"embeddable":true,"href":"https:\/\/visitranua.fi\/en\/wp-json\/wp\/v2\/media\/8050"}],"wp:attachment":[{"href":"https:\/\/visitranua.fi\/en\/wp-json\/wp\/v2\/media?parent=8049"}],"wp:term":[{"taxonomy":"product_brand","embeddable":true,"href":"https:\/\/visitranua.fi\/en\/wp-json\/wp\/v2\/product_brand?post=8049"},{"taxonomy":"product_cat","embeddable":true,"href":"https:\/\/visitranua.fi\/en\/wp-json\/wp\/v2\/product_cat?post=8049"},{"taxonomy":"product_tag","embeddable":true,"href":"https:\/\/visitranua.fi\/en\/wp-json\/wp\/v2\/product_tag?post=8049"}],"curies":[{"name":"wp","href":"https:\/\/api.w.org\/{rel}","templated":true}]}}