{"id":8118,"date":"2022-06-21T16:48:23","date_gmt":"2022-06-21T16:48:23","guid":{"rendered":"https:\/\/visitranua.fi\/product\/paddling\/"},"modified":"2022-06-21T16:48:23","modified_gmt":"2022-06-21T16:48:23","slug":"paddling","status":"publish","type":"product","link":"https:\/\/visitranua.fi\/en\/product\/paddling\/","title":{"rendered":"paddling"},"content":{"rendered":"<p>From us you can get instructions, a canoe and other necessary items (e.g. tent, coffee pot, sleeping bags and pads) for loan. Transportation to Simoj\u00e4rvi is also possible for an additional fee. Winkkari 175 canoe, for 3 people, paddles and life jackets.<\/p>\n<p>More information:<br \/>\nMets\u00e4kolontie 5, 97760 Saariharju<br \/>\nTel. +358 45 2309 309 045 2309 309<br \/>\nalexandra@metsalainen.fi<br \/>\nwww.metsakolo.fi<\/p>\n","protected":false},"excerpt":{"rendered":"<p>Enjoy the tranquility in the lake scenery as the canoe slowly floats forward. Kayak from your own cabin shore or alternatively on the clear water, large Simoj\u00e4rvi 14 km from Mets\u00e4 Kolo. In the Simoj\u00e4rvi-Soppana nature area, you can also stay overnight on Porosaari or on a lonely sandy beach.<\/p>\n","protected":false},"author":7,"featured_media":8119,"template":"","meta":{"_acf_changed":false},"product_brand":[],"product_cat":[106],"product_tag":[161],"class_list":{"0":"post-8118","1":"product","2":"type-product","3":"status-publish","4":"has-post-thumbnail","6":"product_cat-activities-en","7":"product_tag-paddling","9":"first","10":"instock","11":"taxable","12":"shipping-taxable","13":"product-type-simple"},"acf":[],"_links":{"self":[{"href":"https:\/\/visitranua.fi\/en\/wp-json\/wp\/v2\/product\/8118","targetHints":{"allow":["GET"]}}],"collection":[{"href":"https:\/\/visitranua.fi\/en\/wp-json\/wp\/v2\/product"}],"about":[{"href":"https:\/\/visitranua.fi\/en\/wp-json\/wp\/v2\/types\/product"}],"author":[{"embeddable":true,"href":"https:\/\/visitranua.fi\/en\/wp-json\/wp\/v2\/users\/7"}],"wp:featuredmedia":[{"embeddable":true,"href":"https:\/\/visitranua.fi\/en\/wp-json\/wp\/v2\/media\/8119"}],"wp:attachment":[{"href":"https:\/\/visitranua.fi\/en\/wp-json\/wp\/v2\/media?parent=8118"}],"wp:term":[{"taxonomy":"product_brand","embeddable":true,"href":"https:\/\/visitranua.fi\/en\/wp-json\/wp\/v2\/product_brand?post=8118"},{"taxonomy":"product_cat","embeddable":true,"href":"https:\/\/visitranua.fi\/en\/wp-json\/wp\/v2\/product_cat?post=8118"},{"taxonomy":"product_tag","embeddable":true,"href":"https:\/\/visitranua.fi\/en\/wp-json\/wp\/v2\/product_tag?post=8118"}],"curies":[{"name":"wp","href":"https:\/\/api.w.org\/{rel}","templated":true}]}}