{"id":9326,"date":"2024-12-10T13:57:57","date_gmt":"2024-12-10T13:57:57","guid":{"rendered":"https:\/\/visitranua.fi\/?post_type=product&#038;p=9326"},"modified":"2024-12-11T15:37:07","modified_gmt":"2024-12-11T15:37:07","slug":"9326","status":"publish","type":"product","link":"https:\/\/visitranua.fi\/en\/product\/9326\/","title":{"rendered":"Ranua Lapland Apartment"},"content":{"rendered":"<p><strong>Ranua Lapland Apartment<\/strong><\/p>\n<p><strong>\u00a0<\/strong><\/p>\n<p>Ranuan keskustassa Ranuanj\u00e4rven rannalla sijaitseva uudehko huoneisto. Huoneistosta on upea n\u00e4k\u00f6ala Ranuanj\u00e4rvelle ja huoneistosta on mm. hyv\u00e4 seurata revontulia. T\u00e4m\u00e4 hyvin varusteltu 82 m2 huoneisto tarjoaa hyv\u00e4t ja tilavat puitteet nelj\u00e4n henkil\u00f6n mukavalle asumiselle, olitpa sitten lomalla taikka ty\u00f6matkalla. \u00a0Huoneisto sijaitsee luhtitalon 2 kerroksessa ja huoneistoon pit\u00e4\u00e4 menn\u00e4 portaikon kautta.<\/p>\n<p>Huoneistossa on tupa-keitti\u00f6, 2 makuuhuonetta, sauna, pesuhuone, wc, katettu terassi sek\u00e4 autokatos l\u00e4mmityspistokkeella.<\/p>\n<p>Ranuan El\u00e4inpuistoon tulee matkaa noin 2,5 \u00a0kilometri\u00e4. Talvisin p\u00e4\u00e4see hiiht\u00e4m\u00e4\u00e4n heti pihapiirist\u00e4 Ranuanj\u00e4rven hiihtoladuille. Lis\u00e4ksi Ranuan keskustan l\u00e4heisyydess\u00e4 on monipuoliset mahdollisuudet ulkoiluun reiteill\u00e4 py\u00f6r\u00e4illen, hiiht\u00e4en tai jalkaisin patikoiden. Lis\u00e4ksi eri yritt\u00e4jilt\u00e4 l\u00f6ytyy erilaisia aktiviteetteja mm. porotilavierailut, huskysafarit ym. opastettuja ohjelmapalveluja.<\/p>\n<p>Varaukset; <a href=\"mailto:laprim@laprim.fi\">laprim@laprim.fi<\/a>, +358\u00a0050 4703979<\/p>\n","protected":false},"excerpt":{"rendered":"<p><strong>Kuvaus<\/strong><\/p>\n<p>Pinta-ala: 82 m<sup>2<\/sup><br \/>\nHuoneet: 2 mh, tupa-keitti\u00f6, sauna, pesuhuone, wc, katettu lasitettu terassi<br \/>\nPetipaikat: 4<br \/>\nVarustelu: j\u00e4\u00e4kaappi, mikroaaltouuni, kahvinkeitin, vedenkeitin, liesi, keitti\u00f6v\u00e4lineet, astianpesukone, suihku, TV, liinavaatteet ja pyyhkeet, hiustenkuivaaja.<\/p>\n<p>Autokatos: on<\/p>\n<p>Lemmikit: kielletty<br \/>\nTupakointi: kielletty<br \/>\nEsteett\u00f6myys: ei<\/p>\n<p><strong>Posiontie 3, 97770 Ranua<\/strong><\/p>\n<p>Tiedustelut:<br \/>\nPuhelin: +358 50 4703979<br \/>\nS\u00e4hk\u00f6posti:\u00a0<a href=\"mailto:nid.ho@wikkela.fi\">laprim@laprim.fi<\/a><\/p>\n","protected":false},"author":7,"featured_media":9356,"template":"","meta":{"_acf_changed":false},"product_brand":[],"product_cat":[52,35],"product_tag":[66,56],"class_list":{"0":"post-9326","1":"product","2":"type-product","3":"status-publish","4":"has-post-thumbnail","6":"product_cat-huoneistot","7":"product_cat-majoitus","8":"product_tag-majoitus","9":"product_tag-ranua","11":"first","12":"instock","13":"taxable","14":"shipping-taxable","15":"product-type-simple"},"acf":[],"_links":{"self":[{"href":"https:\/\/visitranua.fi\/en\/wp-json\/wp\/v2\/product\/9326","targetHints":{"allow":["GET"]}}],"collection":[{"href":"https:\/\/visitranua.fi\/en\/wp-json\/wp\/v2\/product"}],"about":[{"href":"https:\/\/visitranua.fi\/en\/wp-json\/wp\/v2\/types\/product"}],"author":[{"embeddable":true,"href":"https:\/\/visitranua.fi\/en\/wp-json\/wp\/v2\/users\/7"}],"wp:featuredmedia":[{"embeddable":true,"href":"https:\/\/visitranua.fi\/en\/wp-json\/wp\/v2\/media\/9356"}],"wp:attachment":[{"href":"https:\/\/visitranua.fi\/en\/wp-json\/wp\/v2\/media?parent=9326"}],"wp:term":[{"taxonomy":"product_brand","embeddable":true,"href":"https:\/\/visitranua.fi\/en\/wp-json\/wp\/v2\/product_brand?post=9326"},{"taxonomy":"product_cat","embeddable":true,"href":"https:\/\/visitranua.fi\/en\/wp-json\/wp\/v2\/product_cat?post=9326"},{"taxonomy":"product_tag","embeddable":true,"href":"https:\/\/visitranua.fi\/en\/wp-json\/wp\/v2\/product_tag?post=9326"}],"curies":[{"name":"wp","href":"https:\/\/api.w.org\/{rel}","templated":true}]}}