{"id":9385,"date":"2025-03-21T08:02:41","date_gmt":"2025-03-21T08:02:41","guid":{"rendered":"https:\/\/visitranua.fi\/?post_type=product&#038;p=9385"},"modified":"2025-03-21T08:05:38","modified_gmt":"2025-03-21T08:05:38","slug":"kuha-harmony-peltola","status":"publish","type":"product","link":"https:\/\/visitranua.fi\/en\/product\/kuha-harmony-peltola\/","title":{"rendered":"Kuha Harmony &#8211; Peltola"},"content":{"rendered":"<p>I<em>dyllinen Peltola<\/em><\/p>\n<p><em>Rentoudu rauhallisessa maalaisymp\u00e4rist\u00f6ss\u00e4 satavuotiaassa hirsitalossa. Talo on remontoitu luonnonmukaisia materiaaleja k\u00e4ytt\u00e4en ja mahdollisimman paljon vanhaa s\u00e4ilytt\u00e4en. I\u00e4st\u00e4 huolimatta l\u00f6yd\u00e4t talosta nykyajan mukavuudet.<\/em><\/p>\n<p><em>Peltola on sinulle, joka arvostat historiaa, k\u00e4sity\u00f6n j\u00e4lke\u00e4 ja ekologisuutta. Talo on t\u00e4ynn\u00e4 tarinoita avautuvaksi juuri sinulle.<\/em><\/p>\n<p>Tiedustelut: Kuha Tero, puh. 040 865 2308<\/p>\n","protected":false},"excerpt":{"rendered":"<p>Idyllist\u00e4 majoitusta Kuhan kyl\u00e4ss\u00e4, perinteisesti entis\u00f6ity Peltola<\/p>\n","protected":false},"author":7,"featured_media":9386,"template":"","meta":{"_acf_changed":false},"product_brand":[],"product_cat":[35,53],"product_tag":[],"class_list":{"0":"post-9385","1":"product","2":"type-product","3":"status-publish","4":"has-post-thumbnail","6":"product_cat-majoitus","7":"product_cat-mokit","9":"first","10":"instock","11":"taxable","12":"shipping-taxable","13":"product-type-simple"},"acf":[],"_links":{"self":[{"href":"https:\/\/visitranua.fi\/en\/wp-json\/wp\/v2\/product\/9385","targetHints":{"allow":["GET"]}}],"collection":[{"href":"https:\/\/visitranua.fi\/en\/wp-json\/wp\/v2\/product"}],"about":[{"href":"https:\/\/visitranua.fi\/en\/wp-json\/wp\/v2\/types\/product"}],"author":[{"embeddable":true,"href":"https:\/\/visitranua.fi\/en\/wp-json\/wp\/v2\/users\/7"}],"wp:featuredmedia":[{"embeddable":true,"href":"https:\/\/visitranua.fi\/en\/wp-json\/wp\/v2\/media\/9386"}],"wp:attachment":[{"href":"https:\/\/visitranua.fi\/en\/wp-json\/wp\/v2\/media?parent=9385"}],"wp:term":[{"taxonomy":"product_brand","embeddable":true,"href":"https:\/\/visitranua.fi\/en\/wp-json\/wp\/v2\/product_brand?post=9385"},{"taxonomy":"product_cat","embeddable":true,"href":"https:\/\/visitranua.fi\/en\/wp-json\/wp\/v2\/product_cat?post=9385"},{"taxonomy":"product_tag","embeddable":true,"href":"https:\/\/visitranua.fi\/en\/wp-json\/wp\/v2\/product_tag?post=9385"}],"curies":[{"name":"wp","href":"https:\/\/api.w.org\/{rel}","templated":true}]}}